{"id":17,"date":"2017-01-16T12:06:55","date_gmt":"2017-01-16T11:06:55","guid":{"rendered":"http:\/\/www.cabinetmarechaux.com\/?page_id=17"},"modified":"2024-09-13T11:42:49","modified_gmt":"2024-09-13T09:42:49","slug":"a-propos-de","status":"publish","type":"page","link":"https:\/\/www.cabinetmarechaux.com\/index.php\/a-propos-de\/","title":{"rendered":"Notre \u00e9quipe"},"content":{"rendered":"<div class=\"wp-block-image image-elisabeth\">\n<figure class=\"alignleft size-full is-resized\"><img loading=\"lazy\" decoding=\"async\" width=\"533\" height=\"711\" src=\"https:\/\/www.cabinetmarechaux.com\/wp-content\/uploads\/2023\/06\/DSC0908-edited.jpg\" alt=\"\" class=\"wp-image-3143\" style=\"width:251px;height:336px\" srcset=\"https:\/\/www.cabinetmarechaux.com\/wp-content\/uploads\/2023\/06\/DSC0908-edited.jpg 533w, https:\/\/www.cabinetmarechaux.com\/wp-content\/uploads\/2023\/06\/DSC0908-edited-225x300.jpg 225w\" sizes=\"auto, (max-width: 533px) 100vw, 533px\" \/><\/figure>\n<\/div>\n\n\n<p class=\"has-text-color\" style=\"color:#0800a5\"><strong>ELISABETH MARECHAUX LAURENTIN<\/strong><\/p>\n\n\n\n<p>Elisabeth Mar\u00e9chaux Laurentin est dipl\u00f4m\u00e9e de l\u2019Ecole du Louvre et titulaire d\u2019une licence en droit. Apr\u00e8s une ann\u00e9e \u00e0 Londres chez Sotheby\u2019s, elle s\u2019est form\u00e9e aupr\u00e8s de son p\u00e8re, Philippe Mar\u00e9chaux. Membre du Syndicat fran\u00e7ais des experts professionnels, SFEP, depuis trente ans, 1994, Elisabeth Mar\u00e9chaux Laurentin est expert pr\u00e8s la Cour d\u2019Appel de Paris depuis 2004.<\/p>\n\n\n\n<p>Elle pr\u00e9pare le catalogue raisonn\u00e9 de Paul Huet et contribue \u00e0 celui de Th\u00e9ophile-Alexandre Steinlen.<\/p>\n\n\n\n<div style=\"height:10px\" aria-hidden=\"true\" class=\"wp-block-spacer\"><\/div>\n\n\n<div class=\"wp-block-image image-philippine\">\n<figure class=\"alignright is-resized\"><img loading=\"lazy\" decoding=\"async\" width=\"624\" height=\"832\" src=\"https:\/\/www.cabinetmarechaux.com\/wp-content\/uploads\/2023\/06\/DSC_1315-2-e1484823726158-edited.jpeg\" alt=\"Philippine Mar\u00e9chaux, expert, portrait\" class=\"wp-image-3284\" style=\"width:251px\" title=\"Philippine Mar\u00e9chaux, expert, portrait\" srcset=\"https:\/\/www.cabinetmarechaux.com\/wp-content\/uploads\/2023\/06\/DSC_1315-2-e1484823726158-edited.jpeg 624w, https:\/\/www.cabinetmarechaux.com\/wp-content\/uploads\/2023\/06\/DSC_1315-2-e1484823726158-edited-225x300.jpeg 225w\" sizes=\"auto, (max-width: 624px) 100vw, 624px\" \/><\/figure>\n<\/div>\n\n\n<p class=\"has-text-color\" style=\"color:#0800a5\"><strong>PHILIPPINE MARECHAUX<\/strong><\/p>\n\n\n\n<p>Titulaire d\u2019un DEA d\u2019Histoire de l\u2019Art et d\u2019une licence d\u2019Histoire, Philippine Mar\u00e9chaux a \u00e9t\u00e9 la collaboratrice de Christophe Durand-Ruel au d\u00e9partement d\u2019Art Contemporain de l\u2019\u00e9tude Briest avant de rejoindre l\u2019\u00e9quipe familiale au d\u00e9but des ann\u00e9es 1990. Membre du SFEP, Philippine Mar\u00e9chaux est \u00e9galement expert pr\u00e8s la Cour d\u2019Appel de Poitiers depuis 2007.<\/p>\n\n\n\n<p>Elle pr\u00e9pare le catalogue raisonn\u00e9 d&rsquo;Edouard Goerg.&nbsp;&nbsp;<a href=\"http:\/\/edouardgoerg.fr\/\">edouardgoerg.fr<\/a><\/p>\n\n\n\n<div style=\"height:10px\" aria-hidden=\"true\" class=\"wp-block-spacer\"><\/div>\n\n\n<div class=\"wp-block-image image-celia\">\n<figure class=\"alignleft size-large is-resized\"><img loading=\"lazy\" decoding=\"async\" width=\"793\" height=\"1024\" src=\"https:\/\/www.cabinetmarechaux.com\/wp-content\/uploads\/2023\/06\/IMG_1063-793x1024.jpg\" alt=\"\" class=\"wp-image-3156\" style=\"width:230px;height:297px\" srcset=\"https:\/\/www.cabinetmarechaux.com\/wp-content\/uploads\/2023\/06\/IMG_1063-793x1024.jpg 793w, https:\/\/www.cabinetmarechaux.com\/wp-content\/uploads\/2023\/06\/IMG_1063-232x300.jpg 232w, https:\/\/www.cabinetmarechaux.com\/wp-content\/uploads\/2023\/06\/IMG_1063-768x992.jpg 768w, https:\/\/www.cabinetmarechaux.com\/wp-content\/uploads\/2023\/06\/IMG_1063-1189x1536.jpg 1189w, https:\/\/www.cabinetmarechaux.com\/wp-content\/uploads\/2023\/06\/IMG_1063-1586x2048.jpg 1586w, https:\/\/www.cabinetmarechaux.com\/wp-content\/uploads\/2023\/06\/IMG_1063.jpg 1726w\" sizes=\"auto, (max-width: 793px) 100vw, 793px\" \/><\/figure>\n<\/div>\n\n\n<p class=\"has-text-color\" style=\"color:#0800a5\"><strong>CELIA DE BOISANGER<\/strong><\/p>\n\n\n\n<p>Dipl\u00f4m\u00e9e de l&rsquo;Institut Sup\u00e9rieur d&rsquo;Interpr\u00e9tariat et de Traduction (option gestion et commerce international), licenci\u00e9e en anglais et espagnol et dipl\u00f4m\u00e9e de l&rsquo;Ecole du Louvre, elle a rejoint l&rsquo;\u00e9quipe au d\u00e9but des ann\u00e9es 2000.<\/p>\n","protected":false},"excerpt":{"rendered":"<p>ELISABETH MARECHAUX LAURENTIN Elisabeth Mar\u00e9chaux Laurentin est dipl\u00f4m\u00e9e de l\u2019Ecole du Louvre et titulaire d\u2019une licence en droit. Apr\u00e8s une ann\u00e9e \u00e0 Londres chez Sotheby\u2019s, elle s\u2019est form\u00e9e aupr\u00e8s de &hellip; <\/p>\n<p class=\"link-more\"><a href=\"https:\/\/www.cabinetmarechaux.com\/index.php\/a-propos-de\/\" class=\"more-link\">Lire la suite de<span class=\"screen-reader-text\">\u00ab\u00a0Notre \u00e9quipe\u00a0\u00bb<\/span><\/a><\/p>\n","protected":false},"author":1,"featured_media":814,"parent":0,"menu_order":0,"comment_status":"closed","ping_status":"closed","template":"","meta":{"_monsterinsights_skip_tracking":false,"_monsterinsights_sitenote_active":false,"_monsterinsights_sitenote_note":"","_monsterinsights_sitenote_category":0,"ngg_post_thumbnail":0,"footnotes":""},"class_list":["post-17","page","type-page","status-publish","has-post-thumbnail","hentry"],"yoast_head":"<!-- This site is optimized with the Yoast SEO plugin v20.10 - https:\/\/yoast.com\/wordpress\/plugins\/seo\/ -->\n<title>Notre \u00e9quipe - Cabinet Mar\u00e9chaux<\/title>\n<meta name=\"robots\" content=\"index, follow, max-snippet:-1, max-image-preview:large, max-video-preview:-1\" \/>\n<link rel=\"canonical\" href=\"https:\/\/www.cabinetmarechaux.com\/index.php\/a-propos-de\/\" \/>\n<meta property=\"og:locale\" content=\"fr_FR\" \/>\n<meta property=\"og:type\" content=\"article\" \/>\n<meta property=\"og:title\" content=\"Notre \u00e9quipe - Cabinet Mar\u00e9chaux\" \/>\n<meta property=\"og:description\" content=\"ELISABETH MARECHAUX LAURENTIN Elisabeth Mar\u00e9chaux Laurentin est dipl\u00f4m\u00e9e de l\u2019Ecole du Louvre et titulaire d\u2019une licence en droit. Apr\u00e8s une ann\u00e9e \u00e0 Londres chez Sotheby\u2019s, elle s\u2019est form\u00e9e aupr\u00e8s de &hellip; Lire la suite de\u00ab\u00a0Notre \u00e9quipe\u00a0\u00bb\" \/>\n<meta property=\"og:url\" content=\"https:\/\/www.cabinetmarechaux.com\/index.php\/a-propos-de\/\" \/>\n<meta property=\"og:site_name\" content=\"Cabinet Mar\u00e9chaux\" \/>\n<meta property=\"article:publisher\" content=\"https:\/\/www.facebook.com\/elisabethmarechaux\/?locale=fr_FR\" \/>\n<meta property=\"article:modified_time\" content=\"2024-09-13T09:42:49+00:00\" \/>\n<meta property=\"og:image\" content=\"https:\/\/www.cabinetmarechaux.com\/wp-content\/uploads\/2017\/09\/P1010302-1.jpg\" \/>\n\t<meta property=\"og:image:width\" content=\"1966\" \/>\n\t<meta property=\"og:image:height\" content=\"1257\" \/>\n\t<meta property=\"og:image:type\" content=\"image\/jpeg\" \/>\n<meta name=\"twitter:card\" content=\"summary_large_image\" \/>\n<meta name=\"twitter:label1\" content=\"Dur\u00e9e de lecture estim\u00e9e\" \/>\n\t<meta name=\"twitter:data1\" content=\"2 minutes\" \/>\n<script type=\"application\/ld+json\" class=\"yoast-schema-graph\">{\"@context\":\"https:\/\/schema.org\",\"@graph\":[{\"@type\":\"WebPage\",\"@id\":\"https:\/\/www.cabinetmarechaux.com\/index.php\/a-propos-de\/\",\"url\":\"https:\/\/www.cabinetmarechaux.com\/index.php\/a-propos-de\/\",\"name\":\"Notre \u00e9quipe - Cabinet Mar\u00e9chaux\",\"isPartOf\":{\"@id\":\"https:\/\/www.cabinetmarechaux.com\/#website\"},\"datePublished\":\"2017-01-16T11:06:55+00:00\",\"dateModified\":\"2024-09-13T09:42:49+00:00\",\"breadcrumb\":{\"@id\":\"https:\/\/www.cabinetmarechaux.com\/index.php\/a-propos-de\/#breadcrumb\"},\"inLanguage\":\"fr-FR\",\"potentialAction\":[{\"@type\":\"ReadAction\",\"target\":[\"https:\/\/www.cabinetmarechaux.com\/index.php\/a-propos-de\/\"]}]},{\"@type\":\"BreadcrumbList\",\"@id\":\"https:\/\/www.cabinetmarechaux.com\/index.php\/a-propos-de\/#breadcrumb\",\"itemListElement\":[{\"@type\":\"ListItem\",\"position\":1,\"name\":\"Accueil\",\"item\":\"https:\/\/www.cabinetmarechaux.com\/\"},{\"@type\":\"ListItem\",\"position\":2,\"name\":\"Notre \u00e9quipe\"}]},{\"@type\":\"WebSite\",\"@id\":\"https:\/\/www.cabinetmarechaux.com\/#website\",\"url\":\"https:\/\/www.cabinetmarechaux.com\/\",\"name\":\"Cabinet Mar\u00e9chaux\",\"description\":\"Expertise : tableaux, dessins, sculptures des XIXe et XXe si\u00e8cles\",\"publisher\":{\"@id\":\"https:\/\/www.cabinetmarechaux.com\/#organization\"},\"potentialAction\":[{\"@type\":\"SearchAction\",\"target\":{\"@type\":\"EntryPoint\",\"urlTemplate\":\"https:\/\/www.cabinetmarechaux.com\/?s={search_term_string}\"},\"query-input\":\"required name=search_term_string\"}],\"inLanguage\":\"fr-FR\"},{\"@type\":\"Organization\",\"@id\":\"https:\/\/www.cabinetmarechaux.com\/#organization\",\"name\":\"Cabinet Mar\u00e9chaux\",\"url\":\"https:\/\/www.cabinetmarechaux.com\/\",\"logo\":{\"@type\":\"ImageObject\",\"inLanguage\":\"fr-FR\",\"@id\":\"https:\/\/www.cabinetmarechaux.com\/#\/schema\/logo\/image\/\",\"url\":\"https:\/\/www.cabinetmarechaux.com\/wp-content\/uploads\/2023\/06\/cabinet-marechaux.jpg\",\"contentUrl\":\"https:\/\/www.cabinetmarechaux.com\/wp-content\/uploads\/2023\/06\/cabinet-marechaux.jpg\",\"width\":180,\"height\":180,\"caption\":\"Cabinet Mar\u00e9chaux\"},\"image\":{\"@id\":\"https:\/\/www.cabinetmarechaux.com\/#\/schema\/logo\/image\/\"},\"sameAs\":[\"https:\/\/www.facebook.com\/elisabethmarechaux\/?locale=fr_FR\",\"https:\/\/www.instagram.com\/cabinetmarechaux\/\"]}]}<\/script>\n<!-- \/ Yoast SEO plugin. -->","yoast_head_json":{"title":"Notre \u00e9quipe - Cabinet Mar\u00e9chaux","robots":{"index":"index","follow":"follow","max-snippet":"max-snippet:-1","max-image-preview":"max-image-preview:large","max-video-preview":"max-video-preview:-1"},"canonical":"https:\/\/www.cabinetmarechaux.com\/index.php\/a-propos-de\/","og_locale":"fr_FR","og_type":"article","og_title":"Notre \u00e9quipe - Cabinet Mar\u00e9chaux","og_description":"ELISABETH MARECHAUX LAURENTIN Elisabeth Mar\u00e9chaux Laurentin est dipl\u00f4m\u00e9e de l\u2019Ecole du Louvre et titulaire d\u2019une licence en droit. Apr\u00e8s une ann\u00e9e \u00e0 Londres chez Sotheby\u2019s, elle s\u2019est form\u00e9e aupr\u00e8s de &hellip; Lire la suite de\u00ab\u00a0Notre \u00e9quipe\u00a0\u00bb","og_url":"https:\/\/www.cabinetmarechaux.com\/index.php\/a-propos-de\/","og_site_name":"Cabinet Mar\u00e9chaux","article_publisher":"https:\/\/www.facebook.com\/elisabethmarechaux\/?locale=fr_FR","article_modified_time":"2024-09-13T09:42:49+00:00","og_image":[{"width":1966,"height":1257,"url":"https:\/\/www.cabinetmarechaux.com\/wp-content\/uploads\/2017\/09\/P1010302-1.jpg","type":"image\/jpeg"}],"twitter_card":"summary_large_image","twitter_misc":{"Dur\u00e9e de lecture estim\u00e9e":"2 minutes"},"schema":{"@context":"https:\/\/schema.org","@graph":[{"@type":"WebPage","@id":"https:\/\/www.cabinetmarechaux.com\/index.php\/a-propos-de\/","url":"https:\/\/www.cabinetmarechaux.com\/index.php\/a-propos-de\/","name":"Notre \u00e9quipe - Cabinet Mar\u00e9chaux","isPartOf":{"@id":"https:\/\/www.cabinetmarechaux.com\/#website"},"datePublished":"2017-01-16T11:06:55+00:00","dateModified":"2024-09-13T09:42:49+00:00","breadcrumb":{"@id":"https:\/\/www.cabinetmarechaux.com\/index.php\/a-propos-de\/#breadcrumb"},"inLanguage":"fr-FR","potentialAction":[{"@type":"ReadAction","target":["https:\/\/www.cabinetmarechaux.com\/index.php\/a-propos-de\/"]}]},{"@type":"BreadcrumbList","@id":"https:\/\/www.cabinetmarechaux.com\/index.php\/a-propos-de\/#breadcrumb","itemListElement":[{"@type":"ListItem","position":1,"name":"Accueil","item":"https:\/\/www.cabinetmarechaux.com\/"},{"@type":"ListItem","position":2,"name":"Notre \u00e9quipe"}]},{"@type":"WebSite","@id":"https:\/\/www.cabinetmarechaux.com\/#website","url":"https:\/\/www.cabinetmarechaux.com\/","name":"Cabinet Mar\u00e9chaux","description":"Expertise : tableaux, dessins, sculptures des XIXe et XXe si\u00e8cles","publisher":{"@id":"https:\/\/www.cabinetmarechaux.com\/#organization"},"potentialAction":[{"@type":"SearchAction","target":{"@type":"EntryPoint","urlTemplate":"https:\/\/www.cabinetmarechaux.com\/?s={search_term_string}"},"query-input":"required name=search_term_string"}],"inLanguage":"fr-FR"},{"@type":"Organization","@id":"https:\/\/www.cabinetmarechaux.com\/#organization","name":"Cabinet Mar\u00e9chaux","url":"https:\/\/www.cabinetmarechaux.com\/","logo":{"@type":"ImageObject","inLanguage":"fr-FR","@id":"https:\/\/www.cabinetmarechaux.com\/#\/schema\/logo\/image\/","url":"https:\/\/www.cabinetmarechaux.com\/wp-content\/uploads\/2023\/06\/cabinet-marechaux.jpg","contentUrl":"https:\/\/www.cabinetmarechaux.com\/wp-content\/uploads\/2023\/06\/cabinet-marechaux.jpg","width":180,"height":180,"caption":"Cabinet Mar\u00e9chaux"},"image":{"@id":"https:\/\/www.cabinetmarechaux.com\/#\/schema\/logo\/image\/"},"sameAs":["https:\/\/www.facebook.com\/elisabethmarechaux\/?locale=fr_FR","https:\/\/www.instagram.com\/cabinetmarechaux\/"]}]}},"_links":{"self":[{"href":"https:\/\/www.cabinetmarechaux.com\/index.php\/wp-json\/wp\/v2\/pages\/17","targetHints":{"allow":["GET"]}}],"collection":[{"href":"https:\/\/www.cabinetmarechaux.com\/index.php\/wp-json\/wp\/v2\/pages"}],"about":[{"href":"https:\/\/www.cabinetmarechaux.com\/index.php\/wp-json\/wp\/v2\/types\/page"}],"author":[{"embeddable":true,"href":"https:\/\/www.cabinetmarechaux.com\/index.php\/wp-json\/wp\/v2\/users\/1"}],"replies":[{"embeddable":true,"href":"https:\/\/www.cabinetmarechaux.com\/index.php\/wp-json\/wp\/v2\/comments?post=17"}],"version-history":[{"count":40,"href":"https:\/\/www.cabinetmarechaux.com\/index.php\/wp-json\/wp\/v2\/pages\/17\/revisions"}],"predecessor-version":[{"id":3848,"href":"https:\/\/www.cabinetmarechaux.com\/index.php\/wp-json\/wp\/v2\/pages\/17\/revisions\/3848"}],"wp:featuredmedia":[{"embeddable":true,"href":"https:\/\/www.cabinetmarechaux.com\/index.php\/wp-json\/wp\/v2\/media\/814"}],"wp:attachment":[{"href":"https:\/\/www.cabinetmarechaux.com\/index.php\/wp-json\/wp\/v2\/media?parent=17"}],"curies":[{"name":"wp","href":"https:\/\/api.w.org\/{rel}","templated":true}]}}